{"id":195,"date":"2019-07-12T14:30:13","date_gmt":"2019-07-12T14:30:13","guid":{"rendered":"http:\/\/didierbrousse.fr\/?page_id=195"},"modified":"2024-11-29T09:57:09","modified_gmt":"2024-11-29T09:57:09","slug":"home","status":"publish","type":"page","link":"https:\/\/didierbrousse.fr\/","title":{"rendered":"Home"},"content":{"rendered":"\n<div style=\"height:100px\" aria-hidden=\"true\" class=\"wp-block-spacer\"><\/div>\n\n\n<div id=\"grid-gallery-2-80992\" data-gg-id=\"2\" data-title=\"Home\" data-grid-type=\"1\" data-offset=\"30.3\" data-area-position=\"center\" data-icons=\"\" data-preloader=\"false\" data-width=\"700\" data-height=\"\" data-padding=\"0\" data-quicksand=\"disabled\" data-quicksand-duration=\"1800\" data-popup-theme=\"theme_7\" data-popup-type=\"colorbox\" data-popup-fadeOut=\"300\" data-popup-captions=\"hide\" data-popup-image-text=\"data-description\" data-popup-widthsize=\"auto\" data-popup-heightsize=\"auto\" data-popup-i18n-words=\"{&quot;close&quot;:&quot;fermer&quot;,&quot;next&quot;:&quot;suivant&quot;,&quot;previous&quot;:&quot;pr\\u00e9c\\u00e9dent&quot;,&quot;start_slideshow&quot;:&quot;d\\u00e9marrer le diaporama&quot;,&quot;stop_slideshow&quot;:&quot;arr\\u00e9ter le diaporama&quot;,&quot;image&quot;:&quot;image&quot;,&quot;of&quot;:&quot;de&quot;,&quot;prev&quot;:&quot;pr\\u00e9c.&quot;,&quot;cExpand&quot;:&quot;Agrandir&quot;,&quot;cPrevious&quot;:&quot;Pr\\u00e9c\\u00e9dent&quot;,&quot;cNext&quot;:&quot;Suivant&quot;,&quot;cExpandStr&quot;:&quot;Agrandir l&#039;image&quot;,&quot;cRotate&quot;:&quot;Pivoter&quot;,&quot;cDetails&quot;:&quot;Details&quot;}\" data-popup-slideshow=\"false\" data-popup-slideshow-speed=\"2500\" data-popup-hoverstop=\"true\" data-popup-slideshow-auto=\"false\" data-popup-background=\"\" data-popup-transparency=\"50\" data-popup-disable-history=\"\" data-popup-disable-changed-url=\"\" data-popup-border-type=\"solid\" data-popup-border-color=\"\" data-popup-border-width=\"\" data-popup-border-enable=\"\" data-fullscreen=\"false\" data-hide-tooltip=\"false\" data-caption-font-family=\"Playfair Display\" data-caption-text-size=\"150\" data-is-mobile=\"0\" data-caption-mobile=\"false\" data-hide-long-tltp-title=\"1\" data-caption-disabled-on-mobile=\"false\" data-popup-placement-type=\"0\" data-social-sharing=\"{&quot;enabled&quot;:&quot;&quot;,&quot;gallerySharing&quot;:{&quot;enabled&quot;:null,&quot;position&quot;:null},&quot;imageSharing&quot;:{&quot;enabled&quot;:null,&quot;wrapperClass&quot;:&quot; vertical \\n &quot;},&quot;popupSharing&quot;:{&quot;enabled&quot;:null,&quot;wrapperClass&quot;:&quot; vertical \\n &quot;}}\" class=\"grid-gallery grid-gallery-fluid-height \" style=\" width:100%; height:auto ; margin-left:auto; margin-right:auto; position:relative;\" > <div class=\"gallery-sharing-top\" style=\"display:none;\"> <\/div> <div id=\"photos-2\" class=\"grid-gallery-photos \" > <FIGURE class=\"grid-gallery-caption \" data-grid-gallery-type=\"show-on-hover\" data-index=\"0\" style=\"display:none;border-radius: 0%; ; margin: 30.3px; width:7000;\" ><div class=\"crop \" style=\" \"><img decoding=\"async\" src=\"http:\/\/didierbrousse.fr\/wp-content\/uploads\/2019\/07\/1.aparition-700x481.jpg\" class=\"ggImg\" alt=\"Apparition\" data-description=\"Apparition\" data-caption=\"Apparition\" data-title=\"Apparition\" style=\" width:700px; \" \/><\/div><FIGCAPTION class=\"\" data-alpha=\"5\" style=\"color:#ffffff; background-color:#ffffff; font-size:150; text-align:center; font-family:Playfair Display;\" ><div class=\"grid-gallery-figcaption-wrap\" style=\" \"><\/div><\/FIGCAPTION><\/FIGURE> <FIGURE class=\"grid-gallery-caption \" data-grid-gallery-type=\"show-on-hover\" data-index=\"1\" style=\"display:none;border-radius: 0%; ; margin: 30.3px; width:7000;\" ><div class=\"crop \" style=\" \"><img decoding=\"async\" src=\"http:\/\/didierbrousse.fr\/wp-content\/uploads\/2019\/07\/BEN6352-700x491.png\" class=\"ggImg\" alt=\"Temp\u00eate \u00e0 T\u00e9vennec\" data-description=\"_BEN6352\" data-caption=\"Temp\u00eate \u00e0 T\u00e9vennec\" data-title=\"_BEN6352\" style=\" width:700px; \" \/><\/div><FIGCAPTION class=\"\" data-alpha=\"5\" style=\"color:#ffffff; background-color:#ffffff; font-size:150; text-align:center; font-family:Playfair Display;\" ><div class=\"grid-gallery-figcaption-wrap\" style=\" \"><\/div><\/FIGCAPTION><\/FIGURE> <FIGURE class=\"grid-gallery-caption \" data-grid-gallery-type=\"show-on-hover\" data-index=\"2\" style=\"display:none;border-radius: 0%; ; margin: 30.3px; width:7000;\" ><div class=\"crop \" style=\" \"><img decoding=\"async\" src=\"http:\/\/didierbrousse.fr\/wp-content\/uploads\/2019\/07\/PietadAlep-700x494.jpg\" class=\"ggImg\" alt=\"Piet\u00e0 d&#039;Alep\" data-description=\"Piet\u00e0 d&#039;Alep\" data-caption=\"Piet\u00e0 d&#039;Alep\" data-title=\"Piet\u00e0 d&#039;Alep\" style=\" width:700px; \" \/><\/div><FIGCAPTION class=\"\" data-alpha=\"5\" style=\"color:#ffffff; background-color:#ffffff; font-size:150; text-align:center; font-family:Playfair Display;\" ><div class=\"grid-gallery-figcaption-wrap\" style=\" \"><\/div><\/FIGCAPTION><\/FIGURE> <FIGURE class=\"grid-gallery-caption \" data-grid-gallery-type=\"show-on-hover\" data-index=\"3\" style=\"display:none;border-radius: 0%; ; margin: 30.3px; width:7000;\" ><div class=\"crop \" style=\" \"><img decoding=\"async\" src=\"http:\/\/didierbrousse.fr\/wp-content\/uploads\/2019\/07\/Int\u00e9rieur-proven\u00e7al-Copie-700x480.jpg\" class=\"ggImg\" alt=\"Int\u00e9rieur proven\u00e7al\" data-description=\"Int\u00e9rieur proven\u00e7al - Copie\" data-caption=\"Int\u00e9rieur proven\u00e7al\" data-title=\"Int\u00e9rieur proven\u00e7al - Copie\" style=\" width:700px; \" \/><\/div><FIGCAPTION class=\"\" data-alpha=\"5\" style=\"color:#ffffff; background-color:#ffffff; font-size:150; text-align:center; font-family:Playfair Display;\" ><div class=\"grid-gallery-figcaption-wrap\" style=\" \"><\/div><\/FIGCAPTION><\/FIGURE> <div class=\"grid-gallery-clearfix\"><\/div> <\/div> <div class=\"gallery-sharing-bottom\" style=\"display:none;\"> <\/div> <div class=\"gallery-sharing-image\" style=\"display:none;\"> <\/div> <div class=\"gallery-sharing-popup\" style=\"display:none;\"> <\/div> <div class=\"grid-gallery-clearfix\"><\/div> <\/div> <!-- Gallery by Supsystic plugin 1.15.31 --><a title=\"Gallery Plugin\" style=\"display:none;\" href=\"https:\/\/supsystic.com\/plugins\/photo-gallery\/?utm_medium=love_link\" target=\"_blank\">Gallery Plugin<\/a>\n\n\n\n<p class=\"has-text-align-center has-medium-font-size\">Chaque oeuvre est disponible en tirage d&rsquo;Art num\u00e9rot\u00e9 et sign\u00e9, <meta charset=\"utf-8\">sur commande au 0681842233 .<br>Every artwork is available in art print, on demand by phone: +33(0)681842233 .<\/p>\n\n\n\n<p><\/p>\n","protected":false},"excerpt":{"rendered":"<p>Chaque oeuvre est disponible en tirage d&rsquo;Art num\u00e9rot\u00e9 et sign\u00e9, sur commande au 0681842233 .Every artwork is available in art print, on demand by phone: +33(0)681842233 .<\/p>\n","protected":false},"author":1,"featured_media":0,"parent":0,"menu_order":0,"comment_status":"closed","ping_status":"closed","template":"template_parts\/page-fullwidth_template.php","meta":{"footnotes":""},"class_list":["post-195","page","type-page","status-publish","hentry"],"_links":{"self":[{"href":"https:\/\/didierbrousse.fr\/index.php?rest_route=\/wp\/v2\/pages\/195","targetHints":{"allow":["GET"]}}],"collection":[{"href":"https:\/\/didierbrousse.fr\/index.php?rest_route=\/wp\/v2\/pages"}],"about":[{"href":"https:\/\/didierbrousse.fr\/index.php?rest_route=\/wp\/v2\/types\/page"}],"author":[{"embeddable":true,"href":"https:\/\/didierbrousse.fr\/index.php?rest_route=\/wp\/v2\/users\/1"}],"replies":[{"embeddable":true,"href":"https:\/\/didierbrousse.fr\/index.php?rest_route=%2Fwp%2Fv2%2Fcomments&post=195"}],"version-history":[{"count":19,"href":"https:\/\/didierbrousse.fr\/index.php?rest_route=\/wp\/v2\/pages\/195\/revisions"}],"predecessor-version":[{"id":817,"href":"https:\/\/didierbrousse.fr\/index.php?rest_route=\/wp\/v2\/pages\/195\/revisions\/817"}],"wp:attachment":[{"href":"https:\/\/didierbrousse.fr\/index.php?rest_route=%2Fwp%2Fv2%2Fmedia&parent=195"}],"curies":[{"name":"wp","href":"https:\/\/api.w.org\/{rel}","templated":true}]}}